{"id":113,"date":"2019-02-19T15:48:29","date_gmt":"2019-02-19T14:48:29","guid":{"rendered":"https:\/\/unpassetrespresent.com\/?page_id=113"},"modified":"2025-12-01T23:58:44","modified_gmt":"2025-12-01T22:58:44","slug":"georges-guingouin","status":"publish","type":"page","link":"https:\/\/unpassetrespresent.com\/fr_fr\/memoire-resistance-limousin\/georges-guingouin\/","title":{"rendered":"GEORGES GUINGOUIN : POUR SAVOIR QUI C&rsquo;EST RAOUL"},"content":{"rendered":"<p><!DOCTYPE html><br \/>\n<html lang=\"fr\"><br \/>\n<head><br \/>\n    <meta charset=\"UTF-8\"\/><br \/>\n    <meta name=\"viewport\" content=\"width=device-width, initial-scale=1.0\"\/><br \/>\n    <title>Savoir Qui C&rsquo;est Raoul : Georges Guingouin, L&rsquo;Homme Avant le Maquis &#8211; UN PASS\u00c9 TR\u00c8S PR\u00c9SENT<\/title><br \/>\n    <meta name=\"description\" content=\"D\u00e9couvrez qui \u00e9tait Raoul, le premier pseudonyme de Georges Guingouin. De l'instituteur communiste au chef qui organisa les premiers maquis FTP du Limousin.\"\/><br \/>\n    <\/head><br \/>\n<body><\/p>\n<p>    <main><\/p>\n<h1>SAVOIR QUI C&rsquo;EST RAOUL : Georges Guingouin, L&rsquo;Homme Avant le Maquis<\/h1>\n<p>Le meilleur hommage que l&rsquo;on puisse rendre \u00e0 une figure historique, c&rsquo;est de chercher \u00e0 comprendre l&rsquo;homme derri\u00e8re la l\u00e9gende. Raoul est le nom d&rsquo;un maquisard, mais qui \u00e9tait-il vraiment ?<\/p>\n<p>Raoul, c&rsquo;est le <strong>premier pseudonyme de Georges Guingouin<\/strong> au tout d\u00e9but de sa vie clandestine. C&rsquo;est sous ce nom de guerre qu&rsquo;il passe l&rsquo;hiver 1941-1942 en Haute-Corr\u00e8ze, une p\u00e9riode d\u00e9cisive.<\/p>\n<p>Il y participe activement \u00e0 l&rsquo;organisation du r\u00e9seau FTP (Francs-Tireurs et Partisans) de ce secteur (Tulle, \u00c9gletons, Ussel), avant d&rsquo;\u00eatre \u00e9cart\u00e9 par la direction r\u00e9gionale du parti et de regagner son canton d&rsquo;origine \u00e0 Eymoutiers, 50 km plus au nord.<\/p>\n<p>Avant de devenir Raoul, le chef de la R\u00e9sistance, il a \u00e9t\u00e9 le citoyen Georges Guingouin. Voici le portrait de cet homme qui deviendra le personnage central de notre projet.<\/p>\n<hr \/>\n<h2>Les Racines : L&rsquo;Enfant, l&rsquo;Instituteur et le Militant<\/h2>\n<h3>Un Orphelin de 14<\/h3>\n<p>Georges Guingouin na\u00eet \u00e0 Magnac Laval en 1913. Cette petite ville, situ\u00e9e \u00e0 50 km au nord de Limoges, est alors une ville de caserne.<\/p>\n<p>Son p\u00e8re, Charles Guingouin, sous-officier de carri\u00e8re au 138e R\u00e9giment d&rsquo;Infanterie, est tu\u00e9 le 28 ao\u00fbt 1914 lors d&rsquo;une attaque d\u00e9sesp\u00e9r\u00e9e dans la Somme.<\/p>\n<p>\u00c9lev\u00e9 par sa m\u00e8re, institutrice, Georges se r\u00e9v\u00e8le \u00eatre un excellent \u00e9l\u00e8ve. Il suit une voie d&rsquo;excellence, de l&rsquo;\u00e9cole primaire sup\u00e9rieure de Bellac jusqu&rsquo;\u00e0 l&rsquo;\u00e9cole normale d&rsquo;instituteurs \u00e0 Limoges.<\/p>\n<h3>Le R\u00e9veil Politique du \u00ab\u00a0Hussard Noir de la R\u00e9publique\u00a0\u00bb<\/h3>\n<p>C&rsquo;est \u00e0 l&rsquo;\u00e9cole normale que se produit l&rsquo;\u00e9veil politique du jeune homme, \u00e9lev\u00e9 dans le cuisant souvenir des h\u00e9catombes de la Grande Guerre. Son engagement est pr\u00e9coce :<\/p>\n<ul>\n<li>Tout juste majeur (21 ans \u00e0 l&rsquo;\u00e9poque), il participe \u00e0 la **gr\u00e8ve antifasciste du 12 f\u00e9vrier 1934**.<\/li>\n<li>Une ann\u00e9e auparavant, son opposition v\u00e9h\u00e9mente \u00e0 un professeur au sujet de Robespierre annon\u00e7ait d\u00e9j\u00e0 son orientation.<\/li>\n<\/ul>\n<p>Form\u00e9 pour \u00eatre un \u00ab\u00a0hussard noir de la R\u00e9publique\u00a0\u00bb, Guingouin trouve naturellement sa place au sein du jeune Parti Communiste.<\/p>\n<hr \/>\n<h2>L&rsquo;Engagement : Le Communisme Particulier du Limousin<\/h2>\n<p>En 1935, apr\u00e8s sa nomination comme instituteur \u00e0 Saint Gilles les For\u00eats, Georges Guingouin rejoint le rayon d&rsquo;Eymoutiers. Ce poste d&rsquo;instituteur lui conf\u00e8re une influence notable dans les petites communes rurales. Il prend rapidement le secr\u00e9tariat de la section locale.<\/p>\n<h3>La Strat\u00e9gie d&rsquo;Alliance (Post-1934)<\/h3>\n<p>Guingouin est un militant de l&rsquo;apr\u00e8s-6 f\u00e9vrier 1934. \u00c0 cette \u00e9poque, le PCF op\u00e8re un changement de ligne majeur :<\/p>\n<ul>\n<li><strong>Avant 1934 :<\/strong> Opposition frontale, strat\u00e9gie de \u00ab\u00a0classe contre classe\u00a0\u00bb.<\/li>\n<li><strong>Apr\u00e8s 1934 :<\/strong> Mise en place du Front Populaire, passage du sectarisme \u00e0 la strat\u00e9gie d&rsquo;alliance.<\/li>\n<\/ul>\n<p>Ce contexte de transition explique peut-\u00eatre l&rsquo;\u00e9pisode de Marcel Lenoble, instituteur de Peyrat-le-Ch\u00e2teau, d\u00e9sign\u00e9 fin 1935 pour les l\u00e9gislatives contre l&rsquo;avis de la direction r\u00e9gionale. Guingouin, Lenoble et le rayon d&rsquo;Eymoutiers tiennent t\u00eate.<\/p>\n<p><strong>\u00c0 SUIVRE&#8230;<\/strong> La suite de l&rsquo;histoire, c&rsquo;est l&rsquo;entr\u00e9e dans la guerre et la formation du maquis.<\/p>\n<hr \/>\n<h2>Pour aller plus loin : Ressources et Bibliographie<\/h2>\n<p>Pour continuer cette d\u00e9couverte et contextualiser la figure de Georges Guingouin, nous vous renvoyons vers ces ressources :<\/p>\n<h3>Notices Biographiques Essentielles<\/h3>\n<ul>\n<li><a href=\"[LIEN VERS L'ORDRE DE LA LIB\u00c9RATION]\" target=\"_blank\" rel=\"noopener noreferrer\">Consulter la notice biographique officielle de Georges Guingouin (Ordre de la Lib\u00e9ration)<\/a><\/li>\n<li><a href=\"[LIEN VERS LE MAITRON]\" target=\"_blank\" rel=\"noopener noreferrer\">Biographie d\u00e9taill\u00e9e de Georges Guingouin dans le Dictionnaire Maitron<\/a><\/li>\n<\/ul>\n<h3>\u00c9missions et Films<\/h3>\n<p>Le film *R5, autour d&rsquo;un maquis* (1945) est un document essentiel sur cette p\u00e9riode :<\/p>\n<div class=\"video-embed\">\n            <iframe src=\"[CODE D'EMBED DE LA VID\u00c9O R5]\" width=\"560\" height=\"315\" frameborder=\"0\" allowfullscreen loading=\"lazy\"><\/iframe>\n        <\/div>\n<ul>\n<li>*Lo Grand, premier maquisard de France : Georges Guingouin* (1\u00e8re partie, production France 3 Limousin)<\/li>\n<\/ul>\n<h3>Lectures Cl\u00e9s<\/h3>\n<ul>\n<li><strong>Guingouin par lui-m\u00eame :<\/strong> *4 ans de lutte sur le sol limousin*.<\/li>\n<li><strong>L&rsquo;ouvrage de r\u00e9f\u00e9rence :<\/strong> Fabrice Grenard, *Une l\u00e9gende du maquis, Georges Guingouin, du mythe \u00e0 l&rsquo;histoire*.<\/li>\n<li><a href=\"[LIEN VERS L'ARTICLE DU MAITRON]\" target=\"_blank\" rel=\"noopener noreferrer\">L&rsquo;\u00e9tude de Fabrice Grenard sur le r\u00f4le des instituteurs dans les maquis<\/a>.<\/li>\n<\/ul>\n<hr \/>\n<h2>\ud83c\udf89 Soutenir le Projet<\/h2>\n<p>Le projet <strong>Un pass\u00e9 tr\u00e8s pr\u00e9sent<\/strong> vise \u00e0 d\u00e9cortiquer cette histoire complexe. Pour continuer l&rsquo;exploration de la vie de Georges Guingouin et d\u00e9couvrir la suite de son histoire, nous vous invitons \u00e0 :<\/p>\n<ol>\n<li><strong>Lisez notre article d\u00e9taill\u00e9 :<\/strong> <a href=\"[LIEN VERS ARTICLE 'GUINGOUIN VIE H\u00c9RO\u00cfQUE']\"><strong>D\u00e9couvrez la vie h\u00e9ro\u00efque de Georges Guingouin durant la R\u00e9sistance<\/strong><\/a>.<\/li>\n<li><strong>Abonnez-vous \u00e0 notre newsletter<\/strong> pour ne rien manquer.<\/li>\n<li><strong>Soutenez le projet :<\/strong> <a href=\"[LIEN VERS LA PAGE SOUTIEN]\">Soutenez notre projet \u00ab\u00a0Un Pass\u00e9 Tr\u00e8s Pr\u00e9sent\u00a0\u00bb sur la R\u00e9sistance en Limousin<\/a>.<\/li>\n<\/ol>\n<p>Merci !<\/p>\n<p>    <\/main><\/p>\n<p>    <\/body><br \/>\n<\/html><\/p>\n","protected":false},"excerpt":{"rendered":"<p>Savoir Qui C&rsquo;est Raoul : Georges Guingouin, L&rsquo;Homme Avant le Maquis &#8211; UN PASS\u00c9 TR\u00c8S PR\u00c9SENT SAVOIR QUI C&rsquo;EST RAOUL : Georges Guingouin, L&rsquo;Homme Avant le Maquis Le meilleur hommage que l&rsquo;on puisse rendre \u00e0 une figure historique, c&rsquo;est de chercher \u00e0 comprendre l&rsquo;homme derri\u00e8re la l\u00e9gende. Raoul est le nom d&rsquo;un maquisard, mais qui &#8230; <a title=\"GEORGES GUINGOUIN : POUR SAVOIR QUI C&rsquo;EST RAOUL\" class=\"read-more\" href=\"https:\/\/unpassetrespresent.com\/fr_fr\/memoire-resistance-limousin\/georges-guingouin\/\" aria-label=\"En savoir plus sur GEORGES GUINGOUIN : POUR SAVOIR QUI C&rsquo;EST RAOUL\">Lire la suite<\/a><\/p>\n","protected":false},"author":31877977,"featured_media":0,"parent":1153,"menu_order":0,"comment_status":"closed","ping_status":"closed","template":"","meta":{"footnotes":""},"class_list":["post-113","page","type-page","status-publish"],"jetpack_likes_enabled":true,"jetpack_shortlink":"https:\/\/wp.me\/PaCHR7-1P","jetpack-related-posts":[{"id":1427,"url":"https:\/\/unpassetrespresent.com\/fr_fr\/un-passe-tres-present\/","url_meta":{"origin":113,"position":0},"title":"UN PASS\u00c9 TR\u00c8S PR\u00c9SENT","author":"Martial Roche","date":"29 novembre 2019","format":false,"excerpt":"Un pass\u00e9 tr\u00e8s pr\u00e9sent est un projet documentaire. Un documentaire historique ? Pas vraiment. Ou plut\u00f4t, pas seulement. Ce que je veux explorer, par des regards crois\u00e9s, c'est comment s'\u00e9crit le r\u00e9cit de la R\u00e9sistance de 1944 \u00e0 aujourd'hui, ce qui r\u00e9sonne aujourd'hui et ce que \u00e7a dit de notre\u2026","rel":"","context":"Dans \"2GM\"","block_context":{"text":"2GM","link":"https:\/\/unpassetrespresent.com\/fr_fr\/tag\/deuxieme-guerre-mondiale\/"},"img":{"alt_text":"","src":"https:\/\/i0.wp.com\/unpassetrespresent.com\/wp-content\/uploads\/2019\/02\/recc81sist-5.webp?resize=350%2C200&ssl=1","width":350,"height":200,"srcset":"https:\/\/i0.wp.com\/unpassetrespresent.com\/wp-content\/uploads\/2019\/02\/recc81sist-5.webp?resize=350%2C200&ssl=1 1x, https:\/\/i0.wp.com\/unpassetrespresent.com\/wp-content\/uploads\/2019\/02\/recc81sist-5.webp?resize=525%2C300&ssl=1 1.5x, https:\/\/i0.wp.com\/unpassetrespresent.com\/wp-content\/uploads\/2019\/02\/recc81sist-5.webp?resize=700%2C400&ssl=1 2x, https:\/\/i0.wp.com\/unpassetrespresent.com\/wp-content\/uploads\/2019\/02\/recc81sist-5.webp?resize=1050%2C600&ssl=1 3x, https:\/\/i0.wp.com\/unpassetrespresent.com\/wp-content\/uploads\/2019\/02\/recc81sist-5.webp?resize=1400%2C800&ssl=1 4x"},"classes":[]},{"id":2328,"url":"https:\/\/unpassetrespresent.com\/fr_fr\/video-club\/","url_meta":{"origin":113,"position":1},"title":"VID\u00c9O CLUB","author":"Martial Roche","date":"25 juin 2020","format":false,"excerpt":"LE PROJET En quoi consiste le projet Un pass\u00e9 tr\u00e8s pr\u00e9sent ? C'est ce que je vous explique ici.\u00c0 lire : De quoi je parle et d'o\u00f9 j'en parle ?https:\/\/youtu.be\/JL2MYFTrbbEhttps:\/\/youtu.be\/4feSMzqnSNEEnvie de soutenir le projet ? Cliquez ici. GUINGOUIN, L'HOMME ET SA L\u00c9GENDE Au d\u00e9but, il est un personnage dans l'Histoire.\u2026","rel":"","context":"Article similaire","block_context":{"text":"Article similaire","link":""},"img":{"alt_text":"","src":"https:\/\/i0.wp.com\/img.youtube.com\/vi\/cz4mip9eCcw\/0.jpg?resize=350%2C200","width":350,"height":200},"classes":[]},{"id":1153,"url":"https:\/\/unpassetrespresent.com\/fr_fr\/memoire-resistance-limousin\/","url_meta":{"origin":113,"position":2},"title":"DE QUOI JE PARLE. ET D&rsquo;O\u00d9.","author":"Martial Roche","date":"9 octobre 2019","format":false,"excerpt":"Un pass\u00e9 tr\u00e8s pr\u00e9sent : M\u00e9moire et h\u00e9ritage de la R\u00e9sistance L'histoire n'est pas une mati\u00e8re morte. Le projet Un pass\u00e9 tr\u00e8s pr\u00e9sent se construit sur un triptyque M\u00e9moire R\u00e9sistance Limousin. Il est n\u00e9 d'une conviction : comprendre les engagements et les violences de la Seconde Guerre mondiale est indispensable\u2026","rel":"","context":"Dans &quot;M\u00e9moire et soci\u00e9t\u00e9&quot;","block_context":{"text":"M\u00e9moire et soci\u00e9t\u00e9","link":"https:\/\/unpassetrespresent.com\/fr_fr\/category\/memoire-et-societe\/"},"img":{"alt_text":"M\u00e9moire R\u00e9sistance Limousin - Georges Guingouin","src":"https:\/\/i0.wp.com\/unpassetrespresent.com\/wp-content\/uploads\/2019\/02\/georges-guingouin.webp?resize=350%2C200&ssl=1","width":350,"height":200},"classes":[]},{"id":1244,"url":"https:\/\/unpassetrespresent.com\/fr_fr\/ici-saint-gilles-guingouin-a-la-radio\/","url_meta":{"origin":113,"position":3},"title":"ICI SAINT GILLES : GUINGOUIN \u00c0 LA RADIO","author":"Martial Roche","date":"27 octobre 2019","format":false,"excerpt":"France Culture : \u00c0 VOIx nue 1\/2entretiens avec Genevi\u00e8ve huttin FRANCE culture : \u00e0 voix nue 2\/2entretiens avec Genevi\u00e8ve huttin 9 juin 2014La marche de l'histoireFrance inter Rendez-vous avec XFrance interpour les amateurs de l'\u00e9misssion","rel":"","context":"Article similaire","block_context":{"text":"Article similaire","link":""},"img":{"alt_text":"","src":"","width":0,"height":0},"classes":[]},{"id":1440,"url":"https:\/\/unpassetrespresent.com\/fr_fr\/le-video-club-2\/","url_meta":{"origin":113,"position":4},"title":"LE VID\u00c9O CLUB","author":"Martial Roche","date":"29 novembre 2019","format":false,"excerpt":"Un pass\u00e9 tr\u00e8s pr\u00e9sent, avant d'avoir un site d\u00e9di\u00e9, c'est un projet de film documentaire. Retrouvez ici les extraits vid\u00e9os d\u00e9j\u00e0 parus. Dites vous qu'il en reste plein \u00e0 voir dans mes disques durs. Pour commencer : c'est quoi le projet ? https:\/\/youtu.be\/JL2MYFTrbbE https:\/\/youtu.be\/4feSMzqnSNE Guingouin, l'homme et sa l\u00e9gende https:\/\/youtu.be\/EoPue7RJxOI\u2026","rel":"","context":"Article similaire","block_context":{"text":"Article similaire","link":""},"img":{"alt_text":"","src":"https:\/\/i0.wp.com\/img.youtube.com\/vi\/JL2MYFTrbbE\/0.jpg?resize=350%2C200","width":350,"height":200},"classes":[]},{"id":3639,"url":"https:\/\/unpassetrespresent.com\/fr_fr\/votre-avis\/","url_meta":{"origin":113,"position":5},"title":"VOTRE AVIS ?","author":"Martial Roche","date":"24 f\u00e9vrier 2021","format":false,"excerpt":"La d\u00e9marche du projet Un pass\u00e9 tr\u00e8s pr\u00e9sent est un exercice assez solitaire. Les avis ext\u00e9rieurs sont pr\u00e9cieux et peuvent apporter une vraie progression au projet. C'est en r\u00e9pondant \u00e0 ce questionnaire qu'un lecteur m'a amen\u00e9 \u00e0 \u00e9crire l'article Guingouin, Vie H\u00e9ro\u00efque, que je consid\u00e8re comme l'un des plus importants\u2026","rel":"","context":"Article similaire","block_context":{"text":"Article similaire","link":""},"img":{"alt_text":"","src":"","width":0,"height":0},"classes":[]}],"_links":{"self":[{"href":"https:\/\/unpassetrespresent.com\/fr_fr\/wp-json\/wp\/v2\/pages\/113","targetHints":{"allow":["GET"]}}],"collection":[{"href":"https:\/\/unpassetrespresent.com\/fr_fr\/wp-json\/wp\/v2\/pages"}],"about":[{"href":"https:\/\/unpassetrespresent.com\/fr_fr\/wp-json\/wp\/v2\/types\/page"}],"author":[{"embeddable":true,"href":"https:\/\/unpassetrespresent.com\/fr_fr\/wp-json\/wp\/v2\/users\/31877977"}],"replies":[{"embeddable":true,"href":"https:\/\/unpassetrespresent.com\/fr_fr\/wp-json\/wp\/v2\/comments?post=113"}],"version-history":[{"count":34,"href":"https:\/\/unpassetrespresent.com\/fr_fr\/wp-json\/wp\/v2\/pages\/113\/revisions"}],"predecessor-version":[{"id":11312,"href":"https:\/\/unpassetrespresent.com\/fr_fr\/wp-json\/wp\/v2\/pages\/113\/revisions\/11312"}],"up":[{"embeddable":true,"href":"https:\/\/unpassetrespresent.com\/fr_fr\/wp-json\/wp\/v2\/pages\/1153"}],"wp:attachment":[{"href":"https:\/\/unpassetrespresent.com\/fr_fr\/wp-json\/wp\/v2\/media?parent=113"}],"curies":[{"name":"wp","href":"https:\/\/api.w.org\/{rel}","templated":true}]}}