{"id":142,"date":"2019-03-02T00:26:43","date_gmt":"2019-03-01T22:26:43","guid":{"rendered":"https:\/\/unpassetrespresent.com\/?page_id=142"},"modified":"2025-04-16T20:01:18","modified_gmt":"2025-04-16T18:01:18","slug":"contribuer","status":"publish","type":"page","link":"https:\/\/unpassetrespresent.com\/fr_fr\/contribuer\/","title":{"rendered":"SOUTENIR LE PROJET"},"content":{"rendered":"\t\t<div data-elementor-type=\"wp-page\" data-elementor-id=\"142\" class=\"elementor elementor-142\">\n\t\t\t\t\t\t<section class=\"elementor-section elementor-top-section elementor-element elementor-element-36ab8020 elementor-section-boxed elementor-section-height-default elementor-section-height-default\" data-id=\"36ab8020\" data-element_type=\"section\" data-e-type=\"section\">\n\t\t\t\t\t\t<div class=\"elementor-container elementor-column-gap-default\">\n\t\t\t\t\t<div class=\"elementor-column elementor-col-100 elementor-top-column elementor-element elementor-element-3a03fd38\" data-id=\"3a03fd38\" data-element_type=\"column\" data-e-type=\"column\">\n\t\t\t<div class=\"elementor-widget-wrap elementor-element-populated\">\n\t\t\t\t\t\t<div class=\"elementor-element elementor-element-3ce2816 elementor-widget elementor-widget-text-editor\" data-id=\"3ce2816\" data-element_type=\"widget\" data-e-type=\"widget\" data-widget_type=\"text-editor.default\">\n\t\t\t\t<div class=\"elementor-widget-container\">\n\t\t\t\t\t\t\t\t\t<p><\/p>\n<div class=\"wp-block-columns is-layout-flex wp-container-core-columns-is-layout-9d6595d7 wp-block-columns-is-layout-flex\">\n<p><\/p>\n<div class=\"wp-block-column is-layout-flow wp-block-column-is-layout-flow\">\n<p><\/p>\n<p class=\"has-text-align-center has-white-color has-text-color has-background has-large-font-size\" style=\"background-color: #ab3232;\"><strong>Fabriquer un film demande temps, \u00e9nergie et argent.<\/strong><\/p>\n<p><\/p>\n<\/div>\n<p><\/p>\n<\/div>\n<p><\/p>\n<h1 id=\"comment-aider\" class=\"has-text-align-center has-white-color has-text-color has-background wp-block-heading\" style=\"background-color: #ab3232; font-size: 70px;\">COMMENT AIDER ?<\/h1>\n<p><\/p>\n<div class=\"wp-block-columns is-layout-flex wp-container-core-columns-is-layout-9d6595d7 wp-block-columns-is-layout-flex\">\n<p><\/p>\n<div class=\"wp-block-column is-layout-flow wp-block-column-is-layout-flow\">\n<p><\/p>\n<h1 id=\"des-sous\" class=\"has-text-align-center has-white-color has-text-color has-background has-medium-font-size wp-block-heading\" style=\"background-color: #ab3232;\"><strong><span class=\"uppercase\">DES SOU<\/span><span class=\"uppercase\">S<\/span><span class=\"uppercase\"> ? <\/span><\/strong><\/h1>\n<p><\/p>\n<p class=\"has-text-align-justify\">J&rsquo;avais opt\u00e9 pour Tipeee. Mais c&rsquo;est fini. Je m&rsquo;en explique <strong><span style=\"text-decoration: underline;\">ici<\/span><\/strong>.<\/p>\n<p><\/p>\n<div class=\"wp-block-buttons is-horizontal is-content-justification-center is-layout-flex wp-container-core-buttons-is-layout-499968f5 wp-block-buttons-is-layout-flex\"><\/div>\n<p><\/p>\n<p>Je vous renvoie donc \u00e0 :<\/p>\n<p><\/p>\n<h1 id=\"la-methode-classique\" class=\"has-text-align-center has-white-color has-text-color has-background has-medium-font-size wp-block-heading\" style=\"background-color: #ab3232;\">DES M\u00c9THODES CLASSIQUES<\/h1>\n<p><\/p>\n<p>Bien sur, la vieille m\u00e9thode fonctionne aussi.<\/p>\n<p><\/p>\n<p class=\"has-text-align-center\">Le facteur fera son office.<\/p>\n<p><\/p>\n<p class=\"has-white-color has-text-color has-background\" style=\"background-color: #ab3232;\">Martial Roche<br \/>10, route de Bellevue<br \/>87470 Peyrat-le-Ch\u00e2teau<\/p>\n<p><\/p>\n<div class=\"jetpack-simple-payments-wrapper jetpack-simple-payments-5066\">\n<div class=\"jetpack-simple-payments-product\">\n<div class=\"jetpack-simple-payments-product-image\">\n<div class=\"jetpack-simple-payments-image\">\n<figure><img decoding=\"async\" data-recalc-dims=\"1\" src=\"https:\/\/i0.wp.com\/unpassetrespresent.com\/wp-content\/uploads\/2020\/05\/cropped-logo-tipeee-uptp.png?w=1200&#038;ssl=1\" \/><\/figure>\n<\/div>\n<\/div>\n<div class=\"jetpack-simple-payments-details\">\n<div class=\"jetpack-simple-payments-title\">\n<p>Un coup de pouce.<\/p>\n<\/div>\n<div class=\"jetpack-simple-payments-description\">\n<p>Un petit soutien via PayPal pour les inconditionnel-le-s des transactions en ligne. Vous pouvez mettre le montant que vous souhaitez.<\/p>\n<\/div>\n<div class=\"jetpack-simple-payments-price\">\n<p>1,00\u00a0\u20ac<\/p>\n<\/div>\n<p><a class=\"jetpack-simple-payments-purchase\" href=\"https:\/\/unpassetrespresent.com\/contribuer\/\" target=\"_blank\" rel=\"noopener noreferrer\">Cliquez ici pour soutenir via PayPal<\/a><\/p>\n<\/div>\n<\/div>\n<\/div>\n<p><\/p>\n<p>Et le bouche \u00e0 oreille aussi (dans le respect des gestes barri\u00e8res).<\/p>\n<p><\/p>\n<p class=\"has-text-align-center has-light-blue-background-color has-background\"><strong><span class=\"uppercase\">Rien de tel pour briller en soci\u00e9t\u00e9 !<\/span><\/strong><br \/>(Je vous autorise m\u00eame \u00e0 dire que vous me connaissez.)<\/p>\n<p><\/p>\n<\/div>\n<p><\/p>\n<div class=\"wp-block-column is-layout-flow wp-block-column-is-layout-flow\">\n<p><\/p>\n<h1 id=\"pas-de-sous\" class=\"has-text-align-center has-white-color has-text-color has-background has-medium-font-size wp-block-heading\" style=\"background-color: #ab3232;\"><strong>PAS DE SOUS ?<\/strong><\/h1>\n<p><\/p>\n<p class=\"has-medium-font-size\"><strong>Qu&rsquo;\u00e0 cela ne tienne, vous pouvez toujours aider en vous abonnant :<\/strong><\/p>\n<p><\/p>\n<p class=\"has-text-align-center has-white-color has-text-color has-background has-medium-font-size\" style=\"background-color: #ab3232;\"><span class=\"uppercase\"> au site<\/span> \ud83d\udc47<\/p>\n<p><\/p>\n<div class=\"wp-block-jetpack-subscriptions wp-block-jetpack-subscriptions__supports-newline\"><div class=\"jetpack_subscription_widget\">\t\t\t<div class=\"wp-block-jetpack-subscriptions__container\">\n\t\t\t<form action=\"#\" method=\"post\" accept-charset=\"utf-8\" id=\"subscribe-blog-1\"\n\t\t\t\tdata-blog=\"156988409\"\n\t\t\t\tdata-post_access_level=\"everybody\" >\n\t\t\t\t\t\t\t\t\t<p id=\"subscribe-email\">\n\t\t\t\t\t\t<label id=\"jetpack-subscribe-label\"\n\t\t\t\t\t\t\tclass=\"screen-reader-text\"\n\t\t\t\t\t\t\tfor=\"subscribe-field-1\">\n\t\t\t\t\t\t\tEnter your email address\t\t\t\t\t\t<\/label>\n\t\t\t\t\t\t<input type=\"email\" name=\"email\" autocomplete=\"email\" required=\"required\"\n\t\t\t\t\t\t\t\t\t\t\t\t\t\t\t\t\t\t\t\t\t\tstyle=\"font-size: 16px; padding: 15px 23px 15px 23px; border-radius: 0px; border-width: 1px;\"\n\t\t\t\t\t\t\t\t\t\t\t\t\t\tvalue=\"\"\n\t\t\t\t\t\t\tid=\"subscribe-field-1\"\n\t\t\t\t\t\t\tplaceholder=\"Enter your email address\"\n\t\t\t\t\t\t\/>\n\t\t\t\t\t<\/p>\n\n\t\t\t\t\t<p id=\"subscribe-submit\"\n\t\t\t\t\t\t\t\t\t\t\t>\n\t\t\t\t\t\t<input type=\"hidden\" name=\"action\" value=\"subscribe\"\/>\n\t\t\t\t\t\t<input type=\"hidden\" name=\"source\" value=\"https:\/\/unpassetrespresent.com\/fr_fr\/wp-json\/wp\/v2\/pages\/142\"\/>\n\t\t\t\t\t\t<input type=\"hidden\" name=\"sub-type\" value=\"widget\"\/>\n\t\t\t\t\t\t<input type=\"hidden\" name=\"redirect_fragment\" value=\"subscribe-blog-1\"\/>\n\t\t\t\t\t\t<input type=\"hidden\" id=\"_wpnonce\" name=\"_wpnonce\" value=\"d43e0e329f\" \/><input type=\"hidden\" name=\"_wp_http_referer\" value=\"\/fr_fr\/wp-json\/wp\/v2\/pages\/142\" \/>\t\t\t\t\t\t<button type=\"submit\"\n\t\t\t\t\t\t\t\t\t\t\t\t\t\t\tclass=\"wp-block-button__link\"\n\t\t\t\t\t\t\t\t\t\t\t\t\t\t\t\t\t\t\t\t\t\tstyle=\"font-size: 16px; padding: 15px 23px 15px 23px; margin: 0; margin-left: 10px; border-radius: 0px; border-width: 1px;\"\n\t\t\t\t\t\t\t\t\t\t\t\t\t\tname=\"jetpack_subscriptions_widget\"\n\t\t\t\t\t\t>\n\t\t\t\t\t\t\tSign Up\t\t\t\t\t\t<\/button>\n\t\t\t\t\t<\/p>\n\t\t\t\t\t\t\t<\/form>\n\t\t\t\t\t\t<\/div>\n\t\t\t\n<\/div><\/div>\n<p><\/p>\n<p class=\"has-text-align-center has-white-color has-cyan-bluish-gray-background-color has-text-color has-background has-medium-font-size\"><span class=\"uppercase\"><strong><span style=\"text-decoration: underline;\"><a href=\"https:\/\/www.facebook.com\/Unpassetrespresent\/\" target=\"_blank\" rel=\"noreferrer noopener\">\u00e0 la page facebook<\/a><\/span><\/strong><\/span><\/p>\n<p><\/p>\n<p class=\"has-text-align-center has-white-color has-text-color has-background has-medium-font-size\" style=\"background-color: #ab3232;\"><span class=\"uppercase\"><strong><span style=\"text-decoration: underline;\"><a href=\"https:\/\/youtube.com\/playlist?list=PLdY5ZsbGQcLhT8hLUtxuaoZgBo0LdoYs5\" target=\"_blank\" rel=\"noreferrer noopener\">Et\/ou \u00e0 la cha\u00eene Youtube<\/a><\/span><\/strong><\/span><\/p>\n<p><\/p>\n<p class=\"has-medium-font-size\">S&rsquo;abonner, c&rsquo;est encourageant pour l&rsquo;auteur, mais la participation des lecteurs peut apporter un vrai plus. Pour cela, n&rsquo;h\u00e9sitez pas \u00e0 commenter ou \u00e0 <a href=\"https:\/\/unpassetrespresent.com\/votre-avis\/\" target=\"_blank\" rel=\"noreferrer noopener\"><strong><span style=\"text-decoration: underline;\">remplir ce petit questionnaire.<\/span><\/strong><\/a><\/p>\n<p><\/p>\n<\/div>\n<p><\/p>\n<\/div>\n<p><\/p>\n<p class=\"has-white-color has-text-color has-background has-large-font-size\" style=\"background-color: #ab3232;\"><strong>Un grand merci \u00e0 celles et ceux qui ont fait beaucoup pour ce projet, et d&rsquo;avance merci \u00e0 celles et ceux qui donneront les prochains coups de pouce.<\/strong><\/p>\n<p><\/p>\n<p><\/p>\t\t\t\t\t\t\t\t<\/div>\n\t\t\t\t<\/div>\n\t\t\t\t\t<\/div>\n\t\t<\/div>\n\t\t\t\t\t<\/div>\n\t\t<\/section>\n\t\t\t\t<\/div>\n\t\t","protected":false},"excerpt":{"rendered":"","protected":false},"author":31877977,"featured_media":0,"parent":0,"menu_order":0,"comment_status":"open","ping_status":"closed","template":"","meta":{"footnotes":""},"class_list":["post-142","page","type-page","status-publish"],"jetpack_likes_enabled":true,"jetpack_shortlink":"https:\/\/wp.me\/PaCHR7-2i","jetpack-related-posts":[{"id":2,"url":"https:\/\/unpassetrespresent.com\/fr_fr\/contact\/","url_meta":{"origin":142,"position":0},"title":"Contacter l&rsquo;auteur","author":"Martial Roche","date":"16 janvier 2019","format":false,"excerpt":"Contactez moi. Participez \u00e0 l'analyse de notre m\u00e9moire La m\u00e9moire de la Seconde Guerre mondiale est une mosa\u00efque compos\u00e9e de millions d'histoires individuelles. Si vous poss\u00e9dez des archives familiales, des documents in\u00e9dits, ou si vous souhaitez me confier un t\u00e9moignage qui sommeille dans votre g\u00e9n\u00e9alogie, votre contribution est pr\u00e9cieuse pour\u2026","rel":"","context":"Dans &quot;M\u00e9moire et soci\u00e9t\u00e9&quot;","block_context":{"text":"M\u00e9moire et soci\u00e9t\u00e9","link":"https:\/\/unpassetrespresent.com\/fr_fr\/category\/memoire-et-societe\/"},"img":{"alt_text":"","src":"","width":0,"height":0},"classes":[]},{"id":1427,"url":"https:\/\/unpassetrespresent.com\/fr_fr\/un-passe-tres-present\/","url_meta":{"origin":142,"position":1},"title":"UN PASS\u00c9 TR\u00c8S PR\u00c9SENT","author":"Martial Roche","date":"29 novembre 2019","format":false,"excerpt":"Un pass\u00e9 tr\u00e8s pr\u00e9sent est un projet documentaire. Un documentaire historique ? Pas vraiment. Ou plut\u00f4t, pas seulement. Ce que je veux explorer, par des regards crois\u00e9s, c'est comment s'\u00e9crit le r\u00e9cit de la R\u00e9sistance de 1944 \u00e0 aujourd'hui, ce qui r\u00e9sonne aujourd'hui et ce que \u00e7a dit de notre\u2026","rel":"","context":"Dans \"2GM\"","block_context":{"text":"2GM","link":"https:\/\/unpassetrespresent.com\/fr_fr\/tag\/deuxieme-guerre-mondiale\/"},"img":{"alt_text":"","src":"https:\/\/i0.wp.com\/unpassetrespresent.com\/wp-content\/uploads\/2019\/02\/recc81sist-5.webp?resize=350%2C200&ssl=1","width":350,"height":200,"srcset":"https:\/\/i0.wp.com\/unpassetrespresent.com\/wp-content\/uploads\/2019\/02\/recc81sist-5.webp?resize=350%2C200&ssl=1 1x, https:\/\/i0.wp.com\/unpassetrespresent.com\/wp-content\/uploads\/2019\/02\/recc81sist-5.webp?resize=525%2C300&ssl=1 1.5x, https:\/\/i0.wp.com\/unpassetrespresent.com\/wp-content\/uploads\/2019\/02\/recc81sist-5.webp?resize=700%2C400&ssl=1 2x, https:\/\/i0.wp.com\/unpassetrespresent.com\/wp-content\/uploads\/2019\/02\/recc81sist-5.webp?resize=1050%2C600&ssl=1 3x, https:\/\/i0.wp.com\/unpassetrespresent.com\/wp-content\/uploads\/2019\/02\/recc81sist-5.webp?resize=1400%2C800&ssl=1 4x"},"classes":[]},{"id":1167,"url":"https:\/\/unpassetrespresent.com\/fr_fr\/memoire-de-la-deuxieme-guerre-mondiale-en-limousin\/","url_meta":{"origin":142,"position":2},"title":"LE BLOG","author":"Martial Roche","date":"9 octobre 2019","format":false,"excerpt":"","rel":"","context":"Article similaire","block_context":{"text":"Article similaire","link":""},"img":{"alt_text":"","src":"","width":0,"height":0},"classes":[]},{"id":2328,"url":"https:\/\/unpassetrespresent.com\/fr_fr\/video-club\/","url_meta":{"origin":142,"position":3},"title":"VID\u00c9O CLUB","author":"Martial Roche","date":"25 juin 2020","format":false,"excerpt":"LE PROJET En quoi consiste le projet Un pass\u00e9 tr\u00e8s pr\u00e9sent ? C'est ce que je vous explique ici.\u00c0 lire : De quoi je parle et d'o\u00f9 j'en parle ?https:\/\/youtu.be\/JL2MYFTrbbEhttps:\/\/youtu.be\/4feSMzqnSNEEnvie de soutenir le projet ? Cliquez ici. GUINGOUIN, L'HOMME ET SA L\u00c9GENDE Au d\u00e9but, il est un personnage dans l'Histoire.\u2026","rel":"","context":"Article similaire","block_context":{"text":"Article similaire","link":""},"img":{"alt_text":"","src":"https:\/\/i0.wp.com\/img.youtube.com\/vi\/cz4mip9eCcw\/0.jpg?resize=350%2C200","width":350,"height":200},"classes":[]},{"id":1153,"url":"https:\/\/unpassetrespresent.com\/fr_fr\/memoire-resistance-limousin\/","url_meta":{"origin":142,"position":4},"title":"DE QUOI JE PARLE. ET D&rsquo;O\u00d9.","author":"Martial Roche","date":"9 octobre 2019","format":false,"excerpt":"Un pass\u00e9 tr\u00e8s pr\u00e9sent : M\u00e9moire et h\u00e9ritage de la R\u00e9sistance L'histoire n'est pas une mati\u00e8re morte. Le projet Un pass\u00e9 tr\u00e8s pr\u00e9sent se construit sur un triptyque M\u00e9moire R\u00e9sistance Limousin. Il est n\u00e9 d'une conviction : comprendre les engagements et les violences de la Seconde Guerre mondiale est indispensable\u2026","rel":"","context":"Dans &quot;M\u00e9moire et soci\u00e9t\u00e9&quot;","block_context":{"text":"M\u00e9moire et soci\u00e9t\u00e9","link":"https:\/\/unpassetrespresent.com\/fr_fr\/category\/memoire-et-societe\/"},"img":{"alt_text":"M\u00e9moire R\u00e9sistance Limousin - Georges Guingouin","src":"https:\/\/i0.wp.com\/unpassetrespresent.com\/wp-content\/uploads\/2019\/02\/georges-guingouin.webp?resize=350%2C200&ssl=1","width":350,"height":200},"classes":[]},{"id":50,"url":"https:\/\/unpassetrespresent.com\/fr_fr\/","url_meta":{"origin":142,"position":5},"title":"UN PASS\u00c9 TR\u00c8S PR\u00c9SENT","author":"Martial Roche","date":"30 janvier 2019","format":false,"excerpt":"Un pass\u00e9 tr\u00e8s pr\u00e9sent est un projet documentaire. Un documentaire historique ? Pas vraiment. Ou plut\u00f4t, pas seulement.","rel":"","context":"Avec 2 commentaires","block_context":{"text":"Avec 2 commentaires","link":"https:\/\/unpassetrespresent.com\/fr_fr\/#comments"},"img":{"alt_text":"","src":"","width":0,"height":0},"classes":[]}],"_links":{"self":[{"href":"https:\/\/unpassetrespresent.com\/fr_fr\/wp-json\/wp\/v2\/pages\/142","targetHints":{"allow":["GET"]}}],"collection":[{"href":"https:\/\/unpassetrespresent.com\/fr_fr\/wp-json\/wp\/v2\/pages"}],"about":[{"href":"https:\/\/unpassetrespresent.com\/fr_fr\/wp-json\/wp\/v2\/types\/page"}],"author":[{"embeddable":true,"href":"https:\/\/unpassetrespresent.com\/fr_fr\/wp-json\/wp\/v2\/users\/31877977"}],"replies":[{"embeddable":true,"href":"https:\/\/unpassetrespresent.com\/fr_fr\/wp-json\/wp\/v2\/comments?post=142"}],"version-history":[{"count":61,"href":"https:\/\/unpassetrespresent.com\/fr_fr\/wp-json\/wp\/v2\/pages\/142\/revisions"}],"predecessor-version":[{"id":11356,"href":"https:\/\/unpassetrespresent.com\/fr_fr\/wp-json\/wp\/v2\/pages\/142\/revisions\/11356"}],"wp:attachment":[{"href":"https:\/\/unpassetrespresent.com\/fr_fr\/wp-json\/wp\/v2\/media?parent=142"}],"curies":[{"name":"wp","href":"https:\/\/api.w.org\/{rel}","templated":true}]}}