{"id":3004,"date":"2020-10-04T20:17:08","date_gmt":"2020-10-04T18:17:08","guid":{"rendered":"https:\/\/unpassetrespresent.com\/?page_id=3004"},"modified":"2026-01-23T11:42:31","modified_gmt":"2026-01-23T10:42:31","slug":"abonnement","status":"publish","type":"page","link":"https:\/\/unpassetrespresent.com\/fr_fr\/abonnement\/","title":{"rendered":"ABONNEZ-VOUS"},"content":{"rendered":"<h1 class=\"wp-block-heading has-text-align-center has-vivid-red-color has-text-color\">RECEVEZ L&rsquo;HISTOIRE D\u00c9CRYPT\u00c9E DIRECTEMENT PAR E-MAIL<\/h1>\n<p class=\"has-text-align-center\">Ne manquez aucune des analyses, r\u00e9cits et vid\u00e9os du site. Abonnez-vous gratuitement pour recevoir le meilleur de l&rsquo;Histoire dans votre bo\u00eete de r\u00e9ception.<\/p>\n<div class=\"wp-block-columns has-cyan-bluish-gray-background-color has-background\">\n<div class=\"wp-block-column is-vertically-aligned-center\" style=\"flex-basis: 50%\">\n<div class=\"wp-block-jetpack-subscriptions wp-block-jetpack-subscriptions__supports-newline wp-block-jetpack-subscriptions__use-newline\"><div class=\"jetpack_subscription_widget\">\t\t\t<div class=\"wp-block-jetpack-subscriptions__container\">\n\t\t\t<form action=\"#\" method=\"post\" accept-charset=\"utf-8\" id=\"subscribe-blog-1\"\n\t\t\t\tdata-blog=\"156988409\"\n\t\t\t\tdata-post_access_level=\"everybody\" >\n\t\t\t\t\t\t\t\t\t<p id=\"subscribe-email\">\n\t\t\t\t\t\t<label id=\"jetpack-subscribe-label\"\n\t\t\t\t\t\t\tclass=\"screen-reader-text\"\n\t\t\t\t\t\t\tfor=\"subscribe-field-1\">\n\t\t\t\t\t\t\tEntrez votre adresse e-mail\t\t\t\t\t\t<\/label>\n\t\t\t\t\t\t<input type=\"email\" name=\"email\" autocomplete=\"email\" required=\"required\"\n\t\t\t\t\t\t\t\t\t\t\t\t\t\t\tclass=\"no-border-radius has-50-px-font-size has-000000-border-color required\"\n\t\t\t\t\t\t\t\t\t\t\t\t\t\t\t\t\t\t\t\t\t\tstyle=\"font-size: 50px; padding: 15px 23px 15px 23px; border-radius: 0px; border-width: 1px; border-color: #000000; border-style: solid;\"\n\t\t\t\t\t\t\t\t\t\t\t\t\t\tvalue=\"\"\n\t\t\t\t\t\t\tid=\"subscribe-field-1\"\n\t\t\t\t\t\t\tplaceholder=\"Entrez votre adresse e-mail\"\n\t\t\t\t\t\t\/>\n\t\t\t\t\t<\/p>\n\n\t\t\t\t\t<p id=\"subscribe-submit\"\n\t\t\t\t\t\t\t\t\t\t\t\t\tstyle=\"width: 100%; max-width: 100%;\"\n\t\t\t\t\t\t\t\t\t\t\t>\n\t\t\t\t\t\t<input type=\"hidden\" name=\"action\" value=\"subscribe\"\/>\n\t\t\t\t\t\t<input type=\"hidden\" name=\"source\" value=\"https:\/\/unpassetrespresent.com\/fr_fr\/wp-json\/wp\/v2\/pages\/3004\"\/>\n\t\t\t\t\t\t<input type=\"hidden\" name=\"sub-type\" value=\"widget\"\/>\n\t\t\t\t\t\t<input type=\"hidden\" name=\"redirect_fragment\" value=\"subscribe-blog-1\"\/>\n\t\t\t\t\t\t<input type=\"hidden\" id=\"_wpnonce\" name=\"_wpnonce\" value=\"d43e0e329f\" \/><input type=\"hidden\" name=\"_wp_http_referer\" value=\"\/fr_fr\/wp-json\/wp\/v2\/pages\/3004\" \/>\t\t\t\t\t\t<button type=\"submit\"\n\t\t\t\t\t\t\t\t\t\t\t\t\t\t\tclass=\"wp-block-button__link no-border-radius has-50-px-font-size has-000000-border-color has-background has-vivid-red-background-color\"\n\t\t\t\t\t\t\t\t\t\t\t\t\t\t\t\t\t\t\t\t\t\tstyle=\"width: 100%; font-size: 50px; padding: 15px 23px 15px 23px; margin-top: 10px; border-radius: 0px; border-width: 1px; border-color: #000000; border-style: solid;\"\n\t\t\t\t\t\t\t\t\t\t\t\t\t\tname=\"jetpack_subscriptions_widget\"\n\t\t\t\t\t\t>\n\t\t\t\t\t\t\tOUI, JE VEUX M'ABONNER\t\t\t\t\t\t<\/button>\n\t\t\t\t\t<\/p>\n\t\t\t\t\t\t\t<\/form>\n\t\t\t\t\t\t<\/div>\n\t\t\t\n<\/div><\/div>\n<p class=\"has-text-align-right\">En plus, c&rsquo;est gratuit&#8230;<\/p>\n<p class=\"has-text-align-center has-small-font-size\">Votre e-mail est confidentiel et ne sera jamais partag\u00e9. D\u00e9sabonnement simple en un clic.<\/p>\n<\/div>\n<div class=\"wp-block-column is-vertically-aligned-center\" style=\"flex-basis: 50%\">\n<div class=\"wp-block-image\">\n<figure class=\"aligncenter size-full is-resized\"><img data-recalc-dims=\"1\" fetchpriority=\"high\" decoding=\"async\" class=\"wp-image-4626\" src=\"https:\/\/i0.wp.com\/unpassetrespresent.com\/wp-content\/uploads\/2021\/09\/image_anonyme_les_crieurs_de_journaux_g.38614_899920.webp?resize=401%2C493&#038;ssl=1\" alt=\"Les crieurs de journaux (image historique de 1849)\" width=\"401\" height=\"493\" srcset=\"https:\/\/i0.wp.com\/unpassetrespresent.com\/wp-content\/uploads\/2021\/09\/image_anonyme_les_crieurs_de_journaux_g.38614_899920.webp?w=1564&amp;ssl=1 1564w, https:\/\/i0.wp.com\/unpassetrespresent.com\/wp-content\/uploads\/2021\/09\/image_anonyme_les_crieurs_de_journaux_g.38614_899920.webp?resize=244%2C300&amp;ssl=1 244w, https:\/\/i0.wp.com\/unpassetrespresent.com\/wp-content\/uploads\/2021\/09\/image_anonyme_les_crieurs_de_journaux_g.38614_899920.webp?resize=834%2C1024&amp;ssl=1 834w, https:\/\/i0.wp.com\/unpassetrespresent.com\/wp-content\/uploads\/2021\/09\/image_anonyme_les_crieurs_de_journaux_g.38614_899920.webp?resize=122%2C150&amp;ssl=1 122w, https:\/\/i0.wp.com\/unpassetrespresent.com\/wp-content\/uploads\/2021\/09\/image_anonyme_les_crieurs_de_journaux_g.38614_899920.webp?resize=768%2C943&amp;ssl=1 768w, https:\/\/i0.wp.com\/unpassetrespresent.com\/wp-content\/uploads\/2021\/09\/image_anonyme_les_crieurs_de_journaux_g.38614_899920.webp?resize=1251%2C1536&amp;ssl=1 1251w, https:\/\/i0.wp.com\/unpassetrespresent.com\/wp-content\/uploads\/2021\/09\/image_anonyme_les_crieurs_de_journaux_g.38614_899920.webp?resize=10%2C12&amp;ssl=1 10w, https:\/\/i0.wp.com\/unpassetrespresent.com\/wp-content\/uploads\/2021\/09\/image_anonyme_les_crieurs_de_journaux_g.38614_899920.webp?resize=1200%2C1473&amp;ssl=1 1200w\" sizes=\"(max-width: 401px) 100vw, 401px\" \/><figcaption>Les crieurs de journaux.<br \/>\nCC0 Paris Mus\u00e9es \/ Mus\u00e9e Carnavalet &#8211; Histoire de Paris<\/figcaption><\/figure>\n<\/div>\n<\/div>\n<\/div>\n<div class=\"wp-block-buttons is-content-justification-center\">\n<div class=\"wp-block-button is-style-shadow\"><a class=\"wp-block-button__link has-white-color has-vivid-red-background-color has-text-color has-background\" href=\"https:\/\/unpassetrespresent.com\/\">RETOUR AU SITE<\/a><\/div>\n<\/div>\n","protected":false},"excerpt":{"rendered":"<p>RECEVEZ L&rsquo;HISTOIRE D\u00c9CRYPT\u00c9E DIRECTEMENT PAR E-MAIL Ne manquez aucune des analyses, r\u00e9cits et vid\u00e9os du site. Abonnez-vous gratuitement pour recevoir le meilleur de l&rsquo;Histoire dans votre bo\u00eete de r\u00e9ception. En plus, c&rsquo;est gratuit&#8230; Votre e-mail est confidentiel et ne sera jamais partag\u00e9. D\u00e9sabonnement simple en un clic. Les crieurs de journaux. CC0 Paris Mus\u00e9es \/ &#8230; <a title=\"ABONNEZ-VOUS\" class=\"read-more\" href=\"https:\/\/unpassetrespresent.com\/fr_fr\/abonnement\/\" aria-label=\"En savoir plus sur ABONNEZ-VOUS\">Lire la suite<\/a><\/p>\n","protected":false},"author":31877977,"featured_media":0,"parent":0,"menu_order":0,"comment_status":"closed","ping_status":"closed","template":"","meta":{"footnotes":""},"class_list":["post-3004","page","type-page","status-publish"],"jetpack_likes_enabled":true,"jetpack_shortlink":"https:\/\/wp.me\/PaCHR7-Ms","jetpack-related-posts":[{"id":1244,"url":"https:\/\/unpassetrespresent.com\/fr_fr\/ici-saint-gilles-guingouin-a-la-radio\/","url_meta":{"origin":3004,"position":0},"title":"ICI SAINT GILLES : GUINGOUIN \u00c0 LA RADIO","author":"Martial Roche","date":"27 octobre 2019","format":false,"excerpt":"France Culture : \u00c0 VOIx nue 1\/2entretiens avec Genevi\u00e8ve huttin FRANCE culture : \u00e0 voix nue 2\/2entretiens avec Genevi\u00e8ve huttin 9 juin 2014La marche de l'histoireFrance inter Rendez-vous avec XFrance interpour les amateurs de l'\u00e9misssion","rel":"","context":"Article similaire","block_context":{"text":"Article similaire","link":""},"img":{"alt_text":"","src":"","width":0,"height":0},"classes":[]},{"id":1167,"url":"https:\/\/unpassetrespresent.com\/fr_fr\/memoire-de-la-deuxieme-guerre-mondiale-en-limousin\/","url_meta":{"origin":3004,"position":1},"title":"LE BLOG","author":"Martial Roche","date":"9 octobre 2019","format":false,"excerpt":"","rel":"","context":"Article similaire","block_context":{"text":"Article similaire","link":""},"img":{"alt_text":"","src":"","width":0,"height":0},"classes":[]},{"id":1440,"url":"https:\/\/unpassetrespresent.com\/fr_fr\/le-video-club-2\/","url_meta":{"origin":3004,"position":2},"title":"LE VID\u00c9O CLUB","author":"Martial Roche","date":"29 novembre 2019","format":false,"excerpt":"Un pass\u00e9 tr\u00e8s pr\u00e9sent, avant d'avoir un site d\u00e9di\u00e9, c'est un projet de film documentaire. Retrouvez ici les extraits vid\u00e9os d\u00e9j\u00e0 parus. Dites vous qu'il en reste plein \u00e0 voir dans mes disques durs. Pour commencer : c'est quoi le projet ? https:\/\/youtu.be\/JL2MYFTrbbE https:\/\/youtu.be\/4feSMzqnSNE Guingouin, l'homme et sa l\u00e9gende https:\/\/youtu.be\/EoPue7RJxOI\u2026","rel":"","context":"Article similaire","block_context":{"text":"Article similaire","link":""},"img":{"alt_text":"","src":"https:\/\/i0.wp.com\/img.youtube.com\/vi\/JL2MYFTrbbE\/0.jpg?resize=350%2C200","width":350,"height":200},"classes":[]},{"id":3639,"url":"https:\/\/unpassetrespresent.com\/fr_fr\/votre-avis\/","url_meta":{"origin":3004,"position":3},"title":"VOTRE AVIS ?","author":"Martial Roche","date":"24 f\u00e9vrier 2021","format":false,"excerpt":"La d\u00e9marche du projet Un pass\u00e9 tr\u00e8s pr\u00e9sent est un exercice assez solitaire. Les avis ext\u00e9rieurs sont pr\u00e9cieux et peuvent apporter une vraie progression au projet. C'est en r\u00e9pondant \u00e0 ce questionnaire qu'un lecteur m'a amen\u00e9 \u00e0 \u00e9crire l'article Guingouin, Vie H\u00e9ro\u00efque, que je consid\u00e8re comme l'un des plus importants\u2026","rel":"","context":"Article similaire","block_context":{"text":"Article similaire","link":""},"img":{"alt_text":"","src":"","width":0,"height":0},"classes":[]},{"id":1427,"url":"https:\/\/unpassetrespresent.com\/fr_fr\/un-passe-tres-present\/","url_meta":{"origin":3004,"position":4},"title":"UN PASS\u00c9 TR\u00c8S PR\u00c9SENT","author":"Martial Roche","date":"29 novembre 2019","format":false,"excerpt":"Un pass\u00e9 tr\u00e8s pr\u00e9sent est un projet documentaire. Un documentaire historique ? Pas vraiment. Ou plut\u00f4t, pas seulement. Ce que je veux explorer, par des regards crois\u00e9s, c'est comment s'\u00e9crit le r\u00e9cit de la R\u00e9sistance de 1944 \u00e0 aujourd'hui, ce qui r\u00e9sonne aujourd'hui et ce que \u00e7a dit de notre\u2026","rel":"","context":"Dans \"2GM\"","block_context":{"text":"2GM","link":"https:\/\/unpassetrespresent.com\/fr_fr\/tag\/deuxieme-guerre-mondiale\/"},"img":{"alt_text":"","src":"https:\/\/i0.wp.com\/unpassetrespresent.com\/wp-content\/uploads\/2019\/02\/recc81sist-5.webp?resize=350%2C200&ssl=1","width":350,"height":200,"srcset":"https:\/\/i0.wp.com\/unpassetrespresent.com\/wp-content\/uploads\/2019\/02\/recc81sist-5.webp?resize=350%2C200&ssl=1 1x, https:\/\/i0.wp.com\/unpassetrespresent.com\/wp-content\/uploads\/2019\/02\/recc81sist-5.webp?resize=525%2C300&ssl=1 1.5x, https:\/\/i0.wp.com\/unpassetrespresent.com\/wp-content\/uploads\/2019\/02\/recc81sist-5.webp?resize=700%2C400&ssl=1 2x, https:\/\/i0.wp.com\/unpassetrespresent.com\/wp-content\/uploads\/2019\/02\/recc81sist-5.webp?resize=1050%2C600&ssl=1 3x, https:\/\/i0.wp.com\/unpassetrespresent.com\/wp-content\/uploads\/2019\/02\/recc81sist-5.webp?resize=1400%2C800&ssl=1 4x"},"classes":[]},{"id":113,"url":"https:\/\/unpassetrespresent.com\/fr_fr\/memoire-resistance-limousin\/georges-guingouin\/","url_meta":{"origin":3004,"position":5},"title":"GEORGES GUINGOUIN : POUR SAVOIR QUI C&rsquo;EST RAOUL","author":"Martial Roche","date":"19 f\u00e9vrier 2019","format":false,"excerpt":"Savoir Qui C'est Raoul : Georges Guingouin, L'Homme Avant le Maquis - UN PASS\u00c9 TR\u00c8S PR\u00c9SENT SAVOIR QUI C'EST RAOUL : Georges Guingouin, L'Homme Avant le Maquis Le meilleur hommage que l'on puisse rendre \u00e0 une figure historique, c'est de chercher \u00e0 comprendre l'homme derri\u00e8re la l\u00e9gende. Raoul est le\u2026","rel":"","context":"Article similaire","block_context":{"text":"Article similaire","link":""},"img":{"alt_text":"","src":"","width":0,"height":0},"classes":[]}],"_links":{"self":[{"href":"https:\/\/unpassetrespresent.com\/fr_fr\/wp-json\/wp\/v2\/pages\/3004","targetHints":{"allow":["GET"]}}],"collection":[{"href":"https:\/\/unpassetrespresent.com\/fr_fr\/wp-json\/wp\/v2\/pages"}],"about":[{"href":"https:\/\/unpassetrespresent.com\/fr_fr\/wp-json\/wp\/v2\/types\/page"}],"author":[{"embeddable":true,"href":"https:\/\/unpassetrespresent.com\/fr_fr\/wp-json\/wp\/v2\/users\/31877977"}],"replies":[{"embeddable":true,"href":"https:\/\/unpassetrespresent.com\/fr_fr\/wp-json\/wp\/v2\/comments?post=3004"}],"version-history":[{"count":13,"href":"https:\/\/unpassetrespresent.com\/fr_fr\/wp-json\/wp\/v2\/pages\/3004\/revisions"}],"predecessor-version":[{"id":11608,"href":"https:\/\/unpassetrespresent.com\/fr_fr\/wp-json\/wp\/v2\/pages\/3004\/revisions\/11608"}],"wp:attachment":[{"href":"https:\/\/unpassetrespresent.com\/fr_fr\/wp-json\/wp\/v2\/media?parent=3004"}],"curies":[{"name":"wp","href":"https:\/\/api.w.org\/{rel}","templated":true}]}}